{"id":18,"date":"2019-09-27T08:45:42","date_gmt":"2019-09-27T08:45:42","guid":{"rendered":"http:\/\/www.wp-demos.com\/i-amaze\/consulting\/?page_id=18"},"modified":"2025-03-20T07:45:06","modified_gmt":"2025-03-20T06:45:06","slug":"front-page-section-1","status":"publish","type":"page","link":"https:\/\/xpertize-consulting.de\/web\/","title":{"rendered":""},"content":{"rendered":"\n<div class=\"wp-block-group alignfull\"><div class=\"wp-block-group__inner-container is-layout-flow wp-block-group-is-layout-flow\">\n<p class=\"has-text-align-center has-large-font-size\" style=\"\"><strong>E-Commerce is our passion.<\/strong><\/p>\n\n\n\n<p class=\"has-text-align-center has-medium-font-size\" style=\"font-style:italic;font-weight:500\">Mit uns zum Erfolg f\u00fcr Ihre digitale Transformation!<\/p>\n\n\n\n<div style=\"height:55px\" aria-hidden=\"true\" class=\"wp-block-spacer\"><\/div>\n<\/div><\/div>\n\n\n\n<div class=\"wp-block-group alignfull\"><div class=\"wp-block-group__inner-container is-layout-flow wp-block-group-is-layout-flow\">\n<div class=\"xptz-grid \">\n<img decoding=\"async\" class=\"xptz-grid-img-logo\" src=\"http:\/\/xpertize-consulting.de\/web\/wp-content\/uploads\/2022\/09\/590px-Node.js_logo.svg_.png\">\n<img decoding=\"async\" class=\"xptz-grid-img-logo\" src=\"http:\/\/xpertize-consulting.de\/web\/wp-content\/uploads\/2022\/09\/angula_logo.png\">\n<img decoding=\"async\" class=\"xptz-grid-img-logo\" src=\"http:\/\/xpertize-consulting.de\/web\/wp-content\/uploads\/2022\/05\/powered-by-mysql-125x64-1.png\">\n<img decoding=\"async\" class=\"xptz-grid-img-logo\" src=\"http:\/\/xpertize-consulting.de\/web\/wp-content\/uploads\/2022\/05\/Microsoft_SQL_Server_Logo.svg_.png\">\n<img decoding=\"async\" class=\"xptz-grid-img-logo\" src=\"http:\/\/xpertize-consulting.de\/web\/wp-content\/uploads\/2022\/05\/Java_programming_language_logo.svg_.png\">\n<img decoding=\"async\" class=\"xptz-grid-img-logo\" src=\"http:\/\/xpertize-consulting.de\/web\/wp-content\/uploads\/2022\/09\/Apache_Tomcat_Logo.png\">\n<img decoding=\"async\" class=\"xptz-grid-img-logo\" src=\"http:\/\/xpertize-consulting.de\/web\/wp-content\/uploads\/2022\/09\/python-logo.png\">\n<img decoding=\"async\" class=\"xptz-grid-img-logo\" src=\"http:\/\/xpertize-consulting.de\/web\/wp-content\/uploads\/2022\/05\/640px-Git-logo.svg_.png\">\n<img decoding=\"async\" class=\"xptz-grid-img-logo\" src=\"http:\/\/xpertize-consulting.de\/web\/wp-content\/uploads\/2022\/05\/800px-LESS_Logo.svg_.png\">\n<img decoding=\"async\" class=\"xptz-grid-img-logo\" src=\"http:\/\/xpertize-consulting.de\/web\/wp-content\/uploads\/2022\/05\/CSS3_logo_and_wordmark.svg_.png\">\n\n<\/div>\n<\/div><\/div>\n\n\n\n<div style=\"height:57px\" aria-hidden=\"true\" class=\"wp-block-spacer\"><\/div>\n\n\n\n<div class=\"wp-block-group alignfull has-white-color has-text-color has-background\" style=\"background-color:#46466f8f\"><div class=\"wp-block-group__inner-container is-layout-flow wp-block-group-is-layout-flow\">\n<p class=\"has-medium-font-size\"><strong>Unsere Leistungen<\/strong><\/p>\n\n\n\n<ul class=\"wp-block-list\">\n<li>E-Commerce Consulting \/ Implementierung<\/li>\n\n\n\n<li>CMS Integration<\/li>\n\n\n\n<li>ERP \/ PIM \/ CRM Integration<\/li>\n\n\n\n<li>Cloud L\u00f6sungen<\/li>\n\n\n\n<li>Technische Projektleitung<\/li>\n\n\n\n<li>Spezifikationserstellung<\/li>\n\n\n\n<li>Individualsoftware<\/li>\n<\/ul>\n<\/div><\/div>\n\n\n\n<div class=\"wp-block-columns alignfull is-layout-flex wp-container-core-columns-is-layout-9d6595d7 wp-block-columns-is-layout-flex\">\n<div class=\"wp-block-column reveal has-background is-layout-flow wp-block-column-is-layout-flow\" style=\"background-color:#f2f2f2\">\n<div style=\"height:47px\" aria-hidden=\"true\" class=\"wp-block-spacer\"><\/div>\n\n\n\n<div class=\"wp-block-group alignwide\"><div class=\"wp-block-group__inner-container is-layout-flow wp-block-group-is-layout-flow\">\n<p class=\"has-medium-font-size\"><strong>Wer sind wir?<\/strong><\/p>\n\n\n\n<p style=\"font-style:normal;font-weight:200\">Wir sind mehr als nur ein Implementierungspartner f\u00fcr digitale L\u00f6sungen. Wir betrachten und analysieren Ihre Situation, Prozesse, Herausforderungen und Ziele ausf\u00fchrlich. Auf dieser Basis erstellen wir ein auf Ihr Unternehmen zugeschnittenes Konzept. Dabei setzen wir auf modernste Technologien und Plattformen.<br>Wir begleiten von der Konzeption bis zur Fertigstellung und behalten dabei stets Qualit\u00e4t, Dokumentation und optimale Wartbarkeit im Auge.<br>In vielen F\u00e4llen k\u00f6nnen wir bereits fertig konfigurierbare L\u00f6sungen bieten, um f\u00fcr Sie kosteneffizient zu arbeiten.<\/p>\n\n\n\n<div style=\"height:16px\" aria-hidden=\"true\" class=\"wp-block-spacer\"><\/div>\n\n\n\n<p><a class=\"xptz-button\" href=\"mailto:info@xpertize-consulting.de\" id=\"references\">Jetzt anfragen<\/a><\/p>\n<\/div><\/div>\n\n\n\n<div style=\"height:61px\" aria-hidden=\"true\" class=\"wp-block-spacer\"><\/div>\n<\/div>\n<\/div>\n\n\n\n<p><\/p>\n\n\n\n<div class=\"wp-block-group alignfull reveal has-white-background-color has-text-color has-background\" style=\"color:#3b3b3b\"><div class=\"wp-block-group__inner-container is-layout-flow wp-block-group-is-layout-flow\">\n<p><\/p>\n\n\n\n<p style=\"font-size:30px\"><strong>Referenzen<\/strong><\/p>\n\n\n\n<p class=\"has-medium-font-size\" id=\"references\"><strong><em>Vertrauen auch Sie auf uns!<\/em><\/strong><\/p>\n\n\n\n<div style=\"height:69px\" aria-hidden=\"true\" class=\"wp-block-spacer\"><\/div>\n\n\n\n<div class=\"wp-block-columns alignwide reveal is-layout-flex wp-container-core-columns-is-layout-9d6595d7 wp-block-columns-is-layout-flex\">\n<div class=\"wp-block-column is-vertically-aligned-center is-layout-flow wp-block-column-is-layout-flow\" style=\"flex-basis:33.33%\"><div class=\"wp-block-image\">\n<figure class=\"aligncenter size-large is-resized\"><img loading=\"lazy\" decoding=\"async\" width=\"593\" height=\"593\" src=\"http:\/\/xpertize-consulting.de\/web\/wp-content\/uploads\/2022\/09\/zeiss-logo-rgb-edited.png\" alt=\"\" class=\"wp-image-443\" style=\"width:173px;height:173px\" srcset=\"https:\/\/xpertize-consulting.de\/web\/wp-content\/uploads\/2022\/09\/zeiss-logo-rgb-edited.png 593w, https:\/\/xpertize-consulting.de\/web\/wp-content\/uploads\/2022\/09\/zeiss-logo-rgb-edited-300x300.png 300w, https:\/\/xpertize-consulting.de\/web\/wp-content\/uploads\/2022\/09\/zeiss-logo-rgb-edited-150x150.png 150w\" sizes=\"auto, (max-width: 593px) 100vw, 593px\" \/><\/figure>\n<\/div><\/div>\n\n\n\n<div class=\"wp-block-column is-vertically-aligned-top is-layout-flow wp-block-column-is-layout-flow\" style=\"flex-basis:66.66%\">\n<p><strong>Carl Zeiss AG<\/strong><\/p>\n\n\n\n<p style=\"font-size:16px\">Seit Gr\u00fcndung unseres Unternehmes unterst\u00fctzen wir die Carl Zeiss AG mit unserer Expertise bei der Implementierung neuer Features und der Integration komplexer Schnittstellen. Dies umfasst Produktkonfiguratoren, Login- und Registrierungsschnittstellen, SAP-Integrationen sowie umfangreiche UI-Anpassungen.<\/p>\n<\/div>\n<\/div>\n\n\n\n<div style=\"height:21px\" aria-hidden=\"true\" class=\"wp-block-spacer\"><\/div>\n\n\n\n<hr class=\"wp-block-separator has-alpha-channel-opacity is-style-dots\"\/>\n\n\n\n<div style=\"height:60px\" aria-hidden=\"true\" class=\"wp-block-spacer\"><\/div>\n\n\n\n<div class=\"wp-block-columns alignwide reveal is-layout-flex wp-container-core-columns-is-layout-9d6595d7 wp-block-columns-is-layout-flex\">\n<div class=\"wp-block-column is-vertically-aligned-center is-layout-flow wp-block-column-is-layout-flow\" style=\"flex-basis:33.3%\">\n<figure class=\"wp-block-image size-full\"><img loading=\"lazy\" decoding=\"async\" width=\"626\" height=\"213\" src=\"http:\/\/xpertize-consulting.de\/web\/wp-content\/uploads\/2022\/05\/1626190027061.png\" alt=\"\" class=\"wp-image-341\" srcset=\"https:\/\/xpertize-consulting.de\/web\/wp-content\/uploads\/2022\/05\/1626190027061.png 626w, https:\/\/xpertize-consulting.de\/web\/wp-content\/uploads\/2022\/05\/1626190027061-300x102.png 300w, https:\/\/xpertize-consulting.de\/web\/wp-content\/uploads\/2022\/05\/1626190027061-600x204.png 600w\" sizes=\"auto, (max-width: 626px) 100vw, 626px\" \/><\/figure>\n\n\n\n<p><\/p>\n<\/div>\n\n\n\n<div class=\"wp-block-column is-layout-flow wp-block-column-is-layout-flow\" style=\"flex-basis:66.66%\">\n<p><strong>Diconium digital solutions GmbH<\/strong><\/p>\n\n\n\n<p>Diconium ist ein Unternehmen der Volkswagen AG und bietet ihr vielf\u00e4ltiges Know-How im Bereich digitale Transformation, E-Commerce und Softwareentwicklung an. In diesem Rahmen unterst\u00fctzen wir, als Xpertize Consulting GmbH, umfassend in allen Bereichen der Softwareentwicklung.<\/p>\n<\/div>\n<\/div>\n\n\n\n<div style=\"height:21px\" aria-hidden=\"true\" class=\"wp-block-spacer\"><\/div>\n\n\n\n<hr class=\"wp-block-separator has-alpha-channel-opacity is-style-dots\"\/>\n\n\n\n<div style=\"height:60px\" aria-hidden=\"true\" class=\"wp-block-spacer\"><\/div>\n\n\n\n<div class=\"wp-block-columns alignwide reveal is-layout-flex wp-container-core-columns-is-layout-9d6595d7 wp-block-columns-is-layout-flex\">\n<div class=\"wp-block-column is-vertically-aligned-center is-layout-flow wp-block-column-is-layout-flow\" style=\"flex-basis:33.3%\"><div class=\"wp-block-image wp-block-image aligncenter size-large is-resized\">\n<figure ><img decoding=\"async\" src=\"http:\/\/xpertize-consulting.de\/web\/wp-content\/uploads\/2025\/03\/Tuevlogo.png\" alt=\"\" class=\"wp-image-443\"\/><\/figure>\n<\/div><\/div>\n\n\n\n<div class=\"wp-block-column is-layout-flow wp-block-column-is-layout-flow\" style=\"flex-basis:66.66%\">\n<p><strong>T\u00dcV S\u00dcD Digital Services GmbH<\/strong><\/p>\n\n\n\n<div class=\"quote1\"><span class=\"quoteText\">\u201d<\/span><\/div><p style=\"margin-left: 50px; margin-top: 30px\"><em>F\u00fcr die Umsetzung unserer E-Commerce Anforderungen ist die Xpertize Consulting GmbH der perfekte Partner. Die langj\u00e4hrige Erfahrung ist w\u00e4hrend der Beratung, Anforderungsanalyse und Implementierung zu jeder Zeit sp\u00fcrbar. Durch die Zusammenarbeit war es uns bisher stets m\u00f6glich unsere Ziele schnell und qualitativ hochwertig zu realisieren.<\/em><\/p>\n\n\n\n<p>Fabian Sannwaldt, Product Owner &#8211; T\u00dcV S\u00dcD Digital Services GmbH<\/p>\n<\/div>\n<\/div>\n<\/div><\/div>\n\n\n\n<div class=\"wp-block-group alignfull reveal has-background\" style=\"background-color:#f2f2f2\"><div class=\"wp-block-group__inner-container is-layout-flow wp-block-group-is-layout-flow\">\n<div style=\"height:19px\" aria-hidden=\"true\" class=\"wp-block-spacer\"><\/div>\n\n\n\n<a id=\"jobs\"><\/a>\n\n\n\n<p class=\"has-medium-font-size\"><strong>Office Jena<\/strong><\/p>\n\n\n\n<div class=\"xptz-grid-office\">\n<img decoding=\"async\" class=\"xptz-grid-office-img\" src=\"http:\/\/xpertize-consulting.de\/web\/wp-content\/uploads\/2022\/09\/Image2-scaled.jpg\">\n<img decoding=\"async\" class=\"xptz-grid-office-img\" src=\"http:\/\/xpertize-consulting.de\/web\/wp-content\/uploads\/2022\/09\/Image11-edited-scaled.jpg\">\n<img decoding=\"async\" class=\"xptz-grid-office-img\" src=\"http:\/\/xpertize-consulting.de\/web\/wp-content\/uploads\/2022\/09\/Image3-scaled.jpg\">\n<img decoding=\"async\" class=\"xptz-grid-office-img\" src=\"http:\/\/xpertize-consulting.de\/web\/wp-content\/uploads\/2022\/09\/Image5-edited-scaled.jpg\">\n<img decoding=\"async\" class=\"xptz-grid-office-img\" src=\"http:\/\/xpertize-consulting.de\/web\/wp-content\/uploads\/2022\/09\/Image4-scaled.jpg\">\n<img decoding=\"async\" class=\"xptz-grid-office-img\" src=\"http:\/\/xpertize-consulting.de\/web\/wp-content\/uploads\/2022\/09\/IMG_20220912_074452-scaled.jpg\">\n<\/div>\n\n\n\n<div style=\"height:35px\" aria-hidden=\"true\" class=\"wp-block-spacer\"><\/div>\n<\/div><\/div>\n\n\n\n<div class=\"wp-block-group alignfull reveal\"><div class=\"wp-block-group__inner-container is-layout-flow wp-block-group-is-layout-flow\">\n<h3 class=\"wp-block-heading has-large-font-size\">Jobangebote<\/h3>\n\n\n\n<p>Werde jetzt Teil unseres Teams! Hilf uns beim Wachsen und bring dich mit ein! <\/p>\n\n\n\n<p>Was bieten wir, um dir eine hervorragende Arbeitsatmosph\u00e4re zu schaffen?<\/p>\n\n\n\n<ul class=\"wp-block-list\">\n<li>Flexible Arbeitszeit, Homeoffice und Remote <\/li>\n\n\n\n<li>Abwechslungsreiche Aufgaben<\/li>\n\n\n\n<li>Modernste Hardware inkl. Firmenhandy<\/li>\n\n\n\n<li>B\u00fcro mit ergonomisch und modern eingerichtetem Arbeitsplatz (jeder Platz mit h\u00f6henverstellbarem Tisch)<\/li>\n\n\n\n<li>Kostenfreie Hei\u00df- und Softgetr\u00e4nke<\/li>\n\n\n\n<li>Kostenfreies Obst<\/li>\n\n\n\n<li>Du &#8211; Mentalit\u00e4t<\/li>\n\n\n\n<li>Wir nehmen uns Zeit f\u00fcr eine umfangreiche Einarbeitung (Mentoring)<\/li>\n\n\n\n<li>Weiterbildung w\u00e4hrend der Arbeitszeit<\/li>\n\n\n\n<li>Ruhezone und Kickertisch<\/li>\n<\/ul>\n\n\n\n<h4 class=\"wp-block-heading\">Job im Bereich Java-Entwicklung<\/h4>\n\n\n\n<ul class=\"wp-block-list\">\n<li>W\u00fcnschenswerte Berufserfahrung:\n<ul class=\"wp-block-list\">\n<li>Java<\/li>\n\n\n\n<li>Intershop 7.X<\/li>\n\n\n\n<li>Oracle SQL \/ MSSQL<\/li>\n\n\n\n<li>REST Webservices<\/li>\n\n\n\n<li>Gute Englischkenntnisse<\/li>\n<\/ul>\n<\/li>\n<\/ul>\n\n\n\n<h4 class=\"wp-block-heading\">Job im Bereich Frontend-Entwicklung<\/h4>\n\n\n\n<ul class=\"wp-block-list\">\n<li>W\u00fcnschenswerte Berufserfahrung:\n<ul class=\"wp-block-list\">\n<li>Angular<\/li>\n\n\n\n<li>Typescript \/ Javascript<\/li>\n\n\n\n<li>CSS<\/li>\n\n\n\n<li>HTML<\/li>\n\n\n\n<li>Gute Englischkenntnisse<\/li>\n<\/ul>\n<\/li>\n<\/ul>\n\n\n\n<div style=\"height:57px\" aria-hidden=\"true\" class=\"wp-block-spacer\"><\/div>\n\n\n\n<p><a class=\"xptz-button\" href=\"mailto:jobs@xpertize-consulting.de\">Jetzt per E-Mail bewerben<\/a><\/p>\n<\/div><\/div>\n\n\n\n<div style=\"height:100px\" aria-hidden=\"true\" class=\"wp-block-spacer\"><\/div>\n\n\n\n<div class=\"wp-block-group alignfull reveal has-background\" style=\"background-color:#f2f2f2\"><div class=\"wp-block-group__inner-container is-layout-flow wp-block-group-is-layout-flow\">\n<div style=\"height:19px\" aria-hidden=\"true\" class=\"wp-block-spacer\"><\/div>\n\n\n\n<a id=\"Partner\"><\/a>\n\n\n\n<p class=\"\" style=\"font-size: 30px\"><strong>Unsere Kooperationen<\/strong><\/p><br>\n\n\n\n<div class=\"xptz-grid-office\" style=\"gap:50px !important;\">\n<a href=\"https:\/\/www.intershop.com\/de\/\" target=\"_blank\"><img decoding=\"async\" class=\"xptz-grid-office-img\" src=\"http:\/\/xpertize-consulting.de\/web\/wp-content\/uploads\/2025\/02\/Intershop_white_redbackground.png\"><\/a>\n<a href=\"https:\/\/csm-consulting.de\" target=\"_blank\"><img decoding=\"async\" class=\"xptz-grid-office-img\" src=\"http:\/\/xpertize-consulting.de\/web\/wp-content\/uploads\/2025\/02\/CSM-Logo-Weiss.png\"><\/a>\n<a href=\"https:\/\/www.hbv-jena-90.de\/\" target=\"_blank\"><img decoding=\"async\" class=\"xptz-grid-office-img\" src=\"http:\/\/xpertize-consulting.de\/web\/wp-content\/uploads\/2025\/03\/logo_hbvJena.png\"><\/a>\n\n<\/div>\n\n\n\n<div style=\"height:35px\" aria-hidden=\"true\" class=\"wp-block-spacer\"><\/div>\n<\/div><\/div>\n","protected":false},"excerpt":{"rendered":"<p>E-Commerce is our passion. Mit uns zum Erfolg f\u00fcr Ihre digitale Transformation! Unsere Leistungen Wer sind wir? Wir sind mehr als nur ein Implementierungspartner f\u00fcr digitale L\u00f6sungen. Wir betrachten und analysieren Ihre Situation, Prozesse, Herausforderungen und Ziele ausf\u00fchrlich. Auf dieser Basis erstellen wir ein auf Ihr Unternehmen zugeschnittenes Konzept. Dabei setzen wir auf modernste Technologien &hellip; <\/p>\n<p class=\"link-more\"><a href=\"https:\/\/xpertize-consulting.de\/web\/\" class=\"more-link\">Mehr <span class=\"screen-reader-text\">\u00fcber &#8222;&#8220; <\/span>Lesen<\/a><\/p>\n","protected":false},"author":1,"featured_media":0,"parent":0,"menu_order":0,"comment_status":"closed","ping_status":"closed","template":"","meta":{"footnotes":""},"class_list":["post-18","page","type-page","status-publish","hentry"],"_links":{"self":[{"href":"https:\/\/xpertize-consulting.de\/web\/wp-json\/wp\/v2\/pages\/18","targetHints":{"allow":["GET"]}}],"collection":[{"href":"https:\/\/xpertize-consulting.de\/web\/wp-json\/wp\/v2\/pages"}],"about":[{"href":"https:\/\/xpertize-consulting.de\/web\/wp-json\/wp\/v2\/types\/page"}],"author":[{"embeddable":true,"href":"https:\/\/xpertize-consulting.de\/web\/wp-json\/wp\/v2\/users\/1"}],"replies":[{"embeddable":true,"href":"https:\/\/xpertize-consulting.de\/web\/wp-json\/wp\/v2\/comments?post=18"}],"version-history":[{"count":211,"href":"https:\/\/xpertize-consulting.de\/web\/wp-json\/wp\/v2\/pages\/18\/revisions"}],"predecessor-version":[{"id":821,"href":"https:\/\/xpertize-consulting.de\/web\/wp-json\/wp\/v2\/pages\/18\/revisions\/821"}],"wp:attachment":[{"href":"https:\/\/xpertize-consulting.de\/web\/wp-json\/wp\/v2\/media?parent=18"}],"curies":[{"name":"wp","href":"https:\/\/api.w.org\/{rel}","templated":true}]}}